{"id":9,"date":"2019-01-05T21:05:06","date_gmt":"2019-01-05T21:05:06","guid":{"rendered":"http:\/\/www.caniszone.cz\/?page_id=9"},"modified":"2025-07-01T20:55:17","modified_gmt":"2025-07-01T19:55:17","slug":"kontakt","status":"publish","type":"page","link":"https:\/\/www.caniszone.cz\/index.php\/kontakt\/","title":{"rendered":"Kontakt"},"content":{"rendered":"<p><img loading=\"lazy\" class=\"size-medium wp-image-84 aligncenter\" src=\"http:\/\/www.caniszone.cz\/wp-content\/uploads\/2019\/01\/Canis-zone-s\u00eddlo.jpg\" alt=\"\" width=\"730\" height=\"605\" srcset=\"https:\/\/www.caniszone.cz\/wp-content\/uploads\/2019\/01\/Canis-zone-s\u00eddlo.jpg 730w, https:\/\/www.caniszone.cz\/wp-content\/uploads\/2019\/01\/Canis-zone-s\u00eddlo-300x249.jpg 300w\" sizes=\"(max-width: 730px) 100vw, 730px\" \/><\/p>\n<p style=\"text-align: center;\"><a href=\"http:\/\/www.mapy.cz\/s\/bjXl\">Odkaz na mapy.cz<\/a><\/p>\n<p style=\"text-align: center;\"><a href=\"https:\/\/goo.gl\/maps\/2ZnfBz7mu7ruFFQx7\" rel=\"noopener\">Odkaz na Google mapy<\/a><\/p>\n<p style=\"text-align: center;\"><strong>Z kapacitn\u00edch d\u016fvod\u016f moment\u00e1ln\u011b nov\u00e9 klienty nep\u0159ij\u00edm\u00e1m.<\/strong><\/p>\n\n\n<p><\/p>\n","protected":false},"excerpt":{"rendered":"<p>Odkaz na mapy.cz Odkaz na Google mapy Z kapacitn\u00edch d\u016fvod\u016f moment\u00e1ln\u011b nov\u00e9 klienty nep\u0159ij\u00edm\u00e1m.<\/p>\n","protected":false},"author":1,"featured_media":0,"parent":0,"menu_order":0,"comment_status":"closed","ping_status":"closed","template":"","meta":[],"_links":{"self":[{"href":"https:\/\/www.caniszone.cz\/index.php\/wp-json\/wp\/v2\/pages\/9"}],"collection":[{"href":"https:\/\/www.caniszone.cz\/index.php\/wp-json\/wp\/v2\/pages"}],"about":[{"href":"https:\/\/www.caniszone.cz\/index.php\/wp-json\/wp\/v2\/types\/page"}],"author":[{"embeddable":true,"href":"https:\/\/www.caniszone.cz\/index.php\/wp-json\/wp\/v2\/users\/1"}],"replies":[{"embeddable":true,"href":"https:\/\/www.caniszone.cz\/index.php\/wp-json\/wp\/v2\/comments?post=9"}],"version-history":[{"count":18,"href":"https:\/\/www.caniszone.cz\/index.php\/wp-json\/wp\/v2\/pages\/9\/revisions"}],"predecessor-version":[{"id":126,"href":"https:\/\/www.caniszone.cz\/index.php\/wp-json\/wp\/v2\/pages\/9\/revisions\/126"}],"wp:attachment":[{"href":"https:\/\/www.caniszone.cz\/index.php\/wp-json\/wp\/v2\/media?parent=9"}],"curies":[{"name":"wp","href":"https:\/\/api.w.org\/{rel}","templated":true}]}}